{"id":212,"date":"2024-09-18T14:00:38","date_gmt":"2024-09-18T12:00:38","guid":{"rendered":"http:\/\/192.168.1.24\/wordpress\/?page_id=212"},"modified":"2025-09-29T16:04:16","modified_gmt":"2025-09-29T14:04:16","slug":"bienvenue","status":"publish","type":"page","link":"https:\/\/egp.ville-feignies.fr\/","title":{"rendered":"La programmation de cette saison"},"content":{"rendered":"\n<figure class=\"wp-block-pullquote\" style=\"border-radius:0px;font-size:10px\"><blockquote><p>Dans le cadre de la saison Culturelle municipale, l\u2019espace G\u00e9rard Philipe accueille chaque ann\u00e9e une douzaine de spectacles originaux choisis parmi les meilleures productions actuelles. One Man Show, th\u00e9\u00e2tre, chanson, cirque\u2026 un large choix de spectacles r\u00e9cents qui ont pour point commun l\u2019humour.&nbsp;<\/p><\/blockquote><\/figure>\n\n\n\n<div style=\"height:30px\" aria-hidden=\"true\" class=\"wp-block-spacer\"><\/div>\n\n\n\n<div class=\"wp-block-columns is-layout-flex wp-container-core-columns-is-layout-9d6595d7 wp-block-columns-is-layout-flex\">\n<div class=\"wp-block-column is-layout-flow wp-block-column-is-layout-flow\">\n<h5 class=\"wp-block-heading has-text-align-center has-background\" style=\"background-color:#ca9b52\"><mark style=\"background-color:rgba(0, 0, 0, 0)\" class=\"has-inline-color has-white-color\">D\u00e9couvrez le teaser de la saison 2025\/2026.<\/mark> <mark style=\"background-color:rgba(0, 0, 0, 0)\" class=\"has-inline-color has-white-color\">Plus d&rsquo;info dans l&rsquo;onglet spectacle<\/mark><\/h5>\n<\/div>\n<\/div>\n\n\n\n<figure class=\"wp-block-embed is-type-video is-provider-youtube wp-block-embed-youtube wp-embed-aspect-16-9 wp-has-aspect-ratio\"><div class=\"wp-block-embed__wrapper\">\n<iframe loading=\"lazy\" title=\"Teaser Espace G\u00e9rard Philipe - 2025 2026\" width=\"960\" height=\"540\" src=\"https:\/\/www.youtube.com\/embed\/v-41UPRoSLY?feature=oembed\" frameborder=\"0\" allow=\"accelerometer; autoplay; clipboard-write; encrypted-media; gyroscope; picture-in-picture; web-share\" referrerpolicy=\"strict-origin-when-cross-origin\" allowfullscreen><\/iframe>\n<\/div><\/figure>\n","protected":false},"excerpt":{"rendered":"<p>Dans le cadre de la saison Culturelle municipale, l\u2019espace G\u00e9rard Philipe accueille chaque ann\u00e9e une douzaine de spectacles originaux choisis parmi les meilleures productions actuelles. One Man Show, th\u00e9\u00e2tre, chanson, cirque\u2026 un large choix de spectacles r\u00e9cents qui ont pour point commun l\u2019humour.&nbsp; D\u00e9couvrez le teaser de la saison 2025\/2026. Plus d&rsquo;info dans l&rsquo;onglet spectacle<\/p>\n","protected":false},"author":2,"featured_media":0,"parent":0,"menu_order":0,"comment_status":"closed","ping_status":"closed","template":"","meta":{"footnotes":""},"class_list":["post-212","page","type-page","status-publish","hentry"],"_links":{"self":[{"href":"https:\/\/egp.ville-feignies.fr\/index.php?rest_route=\/wp\/v2\/pages\/212","targetHints":{"allow":["GET"]}}],"collection":[{"href":"https:\/\/egp.ville-feignies.fr\/index.php?rest_route=\/wp\/v2\/pages"}],"about":[{"href":"https:\/\/egp.ville-feignies.fr\/index.php?rest_route=\/wp\/v2\/types\/page"}],"author":[{"embeddable":true,"href":"https:\/\/egp.ville-feignies.fr\/index.php?rest_route=\/wp\/v2\/users\/2"}],"replies":[{"embeddable":true,"href":"https:\/\/egp.ville-feignies.fr\/index.php?rest_route=%2Fwp%2Fv2%2Fcomments&post=212"}],"version-history":[{"count":123,"href":"https:\/\/egp.ville-feignies.fr\/index.php?rest_route=\/wp\/v2\/pages\/212\/revisions"}],"predecessor-version":[{"id":2828,"href":"https:\/\/egp.ville-feignies.fr\/index.php?rest_route=\/wp\/v2\/pages\/212\/revisions\/2828"}],"wp:attachment":[{"href":"https:\/\/egp.ville-feignies.fr\/index.php?rest_route=%2Fwp%2Fv2%2Fmedia&parent=212"}],"curies":[{"name":"wp","href":"https:\/\/api.w.org\/{rel}","templated":true}]}}